{"id":798,"date":"2020-01-16T12:47:55","date_gmt":"2020-01-16T12:47:55","guid":{"rendered":"https:\/\/tx-v3.harleyacademy.com\/privacy-policy-2\/"},"modified":"2023-02-17T14:33:19","modified_gmt":"2023-02-17T14:33:19","slug":"privacy-policy","status":"publish","type":"page","link":"https:\/\/www.teoxane.academy\/de\/privacy-policy\/","title":{"rendered":"Privacy Policy"},"content":{"rendered":"\t\t<div data-elementor-type=\"wp-page\" data-elementor-id=\"798\" class=\"elementor elementor-798\">\n\t\t\t\t\t\t\t\t\t<section class=\"elementor-section elementor-top-section elementor-element elementor-element-4020def elementor-section-boxed elementor-section-height-default elementor-section-height-default\" data-id=\"4020def\" data-element_type=\"section\">\n\t\t\t\t\t\t<div class=\"elementor-container elementor-column-gap-default\">\n\t\t\t\t\t<div class=\"elementor-column elementor-col-100 elementor-top-column elementor-element elementor-element-86cd5a1\" data-id=\"86cd5a1\" data-element_type=\"column\">\n\t\t\t<div class=\"elementor-widget-wrap elementor-element-populated\">\n\t\t\t\t\t\t\t\t<div class=\"elementor-element elementor-element-6bb29b0 elementor-widget elementor-widget-text-editor\" data-id=\"6bb29b0\" data-element_type=\"widget\" data-widget_type=\"text-editor.default\">\n\t\t\t\t<div class=\"elementor-widget-container\">\n\t\t\t\t\t\t\t<h1>DATENSCHUTZ<\/h1><p>TEOXANE achtet die Privatsph\u00e4re der Besucher seiner Website. Die meisten unserer Services erfordern keine Anmeldung, d.\u00a0h. Sie k\u00f6nnen die Website besuchen, ohne uns zu sagen, wer Sie sind. F\u00fcr einige Services kann es jedoch erforderlich sein, dass Sie uns Ihre personenbezogenen Daten mitteilen. Wenn Sie uns in diesem Fall die geforderten personenbezogenen Daten vorenthalten, kann es sein, dass Sie zu bestimmten Teilen der Website keinen Zugang bekommen und dass wir Ihre Anfrage nicht beantworten k\u00f6nnen.<\/p><p>Wenn Sie sich zur Benutzung der Website anmelden oder ein Online-Formular ausf\u00fcllen m\u00fcssen (z.\u00a0B. um Updates per E-Mail zu erhalten oder uns zu bitten, Ihnen weitere Informationen zu senden, ein Konto zu erstellen\u2026), dann k\u00f6nnen wir folgende personenbezogene Daten erfassen:<\/p><ul><li>Vorname<\/li><li>Nachname<\/li><li>Fachgebiet<\/li><li>Postleitzahl<\/li><li>Land<\/li><li>E-Mail-Adresse<\/li><li>Login und Kontoinformationen<\/li><li>IP-Adresse<\/li><\/ul><p>Diese Informationen werden von TEOXANE dazu benutzt, die Website zu verwalten, Sie f\u00fcr Serviceleistungen zu registrieren, f\u00fcr die Sie sich angemeldet haben, und auf Ihre Anfragen zu antworten.<\/p><p>Teoxane ist f\u00fcr die Verarbeitung der auf der Website erfassten personenbezogenen Daten verantwortlich.<\/p><p>Wenn wir personenbezogene Daten verarbeiten, ergreifen wir entsprechende Ma\u00dfnahmen, um sicherzustellen, dass Ihre personenbezogenen Daten f\u00fcr die Zwecke, f\u00fcr die sie erfasst wurden, genau sind und aktualisiert werden.<\/p><p>TEOXANE kann Ihre personenbezogenen Daten an folgende Empf\u00e4ngerkategorien weiterleiten:<\/p><ul><li>Unser Personal und Mitglieder der TEOXANE Gruppe<\/li><li>Dritte Serviceanbieter, die Ihre personenbezogenen Daten im Namen von TEOXANE verarbeiten<\/li><li>Regulierungsstellen, Regierungen und Vollzugsbeh\u00f6rdenegulators, governments and law enforcement authorities<\/li><\/ul><p>Wenn Sie eine E-Mail an help@teoxane.academy auf der Website senden, kann es sich f\u00fcr Teoxane als notwendig erweisen, Ihre Informationen sowie alle Informationen, die Sie zur Beantwortung Ihrer Anfrage mitgeteilt haben, zu verarbeiten. Die Daten werden nur zum Zwecke der effizienten Beantwortung Ihrer Anfrage benutzt.<\/p><p>Im Einklang mit der Datenschutzgesetzgebung haben Sie das Recht auf Zugang, Berichtigung und L\u00f6schung Ihrer personenbezogenen Daten, Einschr\u00e4nkung der Verarbeitung, Ablehnung der Verarbeitung sowie das Recht auf Daten\u00fcbertragbarkeit. Um diese Rechte auszu\u00fcben, senden Sie bitte eine einfache Anfrage an:<\/p><p>Um diese Rechte auszu\u00fcben, senden Sie bitte eine einfache Anfrage an:<\/p><ul><li><strong>On line an<\/strong>: <a href=\"mailto:dataprotection@teoxane.com\">dataprotection@teoxane.com<\/a><\/li><li><strong>Per Post an<\/strong>: TEOXANE SA. Rue de Lyon, 105, 1203 Genf, Schweiz<\/li><\/ul><p>TEOXANE ist international t\u00e4tig und leitet Ihre Informationen an L\u00e4nder au\u00dferhalb Ihres Landes und au\u00dferhalb des Europ\u00e4ischen Wirtschaftsraums einschlie\u00dflich der Schweiz weiter.<\/p><p>Wir bewahren Ihre personenbezogenen Daten f\u00fcr den per Gesetz vorgesehenen Zeitraum auf. Andernfalls bewahren wir Ihre personenbezogenen Daten so lange wie erforderlich auf, damit Sie auf die von Ihnen verlangten Services zugreifen k\u00f6nnen oder, wenn Sie TEOXANE kontaktiert haben, so lange wie erforderlich, damit wir Ihre Anfrage beantworten k\u00f6nnen.<\/p><p>Immer wenn Ihre Einwilligung erforderlich ist, werden Sie eindeutig dar\u00fcber informiert, und Sie k\u00f6nnen Ihre Einwilligung jederzeit durch Senden einer E-Mail an dataprotection@teoxane.com oder direkte Abmeldung auf unserer Website widerrufen.<\/p><p>Sie haben das Recht, sich an eine nationale Aufsichtsbeh\u00f6rde zu wenden oder an den Schweizer Datenschutzbeauftragten, wenn die Datenschutzbestimmungen verletzt wurden.<\/p><p>Wir k\u00f6nnen diese Datenschutzerkl\u00e4rung von Zeit zu Zeit \u00e4ndern. Daten bitten wir Sie, diese Datenschutzerkl\u00e4rung regelm\u00e4\u00dfig einzusehen.<\/p><h2>DATENSCHUTZRICHTLINIE \u2013 Webinare:<\/h2><p>TEOXANE SA, Rue de Lyon, 105, 1203 Genf, Schweiz ist f\u00fcr die Verarbeitung personenbezogener Daten verantwortlich, die bei Ihrer Anmeldung zum Webinar erhoben werden und die dazu dienen, Ihnen die Teilnahme am Webinar zu erm\u00f6glichen. Die Rechtsgrundlage f\u00fcr die Verarbeitung Ihrer personenbezogenen Daten ist Ihre Einwilligung. Die Erfassung Ihrer personenbezogenen Daten ist daher freiwillig. Sie sind nicht verpflichtet, Ihre Zustimmung zu geben. F\u00fcr einige Services, wie die Registrierung f\u00fcr das Webinar, kann es jedoch erforderlich sein, dass Sie uns Ihre personenbezogenen Daten mitteilen. Wenn Sie uns in diesem Fall die von TEOXANE SA geforderten personenbezogenen Daten vorenthalten, kann es sein, dass Sie keinen Zugang zum Webinar bekommen und dass wir Ihre Anfrage nicht beantworten k\u00f6nnen.<\/p><p>Ihre personenbezogenen Daten (Vorname, Nachname, Fachgebiet, Land, Ort und E-Mail-Adresse) werden f\u00fcr die Durchf\u00fchrung des Webinars, f\u00fcr das Sie sich angemeldet haben, erhoben und verarbeitet. Ihre personenbezogenen Daten werden 3\u00a0Jahre lang aufbewahrt.<\/p><p>Wenn Sie durch Anklicken der Schaltfl\u00e4che \u201eIch bin damit einverstanden, Informationen und Mitteilungen von TEOXANE SA sowie ihren Tochtergesellschaften und Vertriebspartnern zu erhalten\u201c zustimmen, werden Ihre personenbezogenen Daten (Vorname, Nachname, Fachgebiet, Land und E-Mail-Adresse) erfasst und verarbeitet, um Sie \u00fcber unsere Tochtergesellschaften und Vertriebspartner zu Marketing-, wissenschaftlichen usw. Zwecken zu kontaktieren und Ihnen Mitteilungen zu senden, deren Erhalt Sie zugestimmt haben. In diesem Fall gibt TEOXANE SA Ihre personenbezogenen Daten an ihre Tochtergesellschaften und\/oder Vertriebspartner weiter, die f\u00fcr die Verarbeitung Ihrer Daten verantwortlich sind. Ihre personenbezogenen Daten werden auf unbestimmte Zeit gespeichert, bis Sie Ihre Einwilligung widerrufen. Immer wenn Ihre Einwilligung erforderlich ist, werden Sie eindeutig dar\u00fcber informiert, und Sie k\u00f6nnen Ihre Einwilligung jederzeit durch Senden einer E-Mail an dataprotection@teoxane.com oder direkte Abmeldung auf unserer Website widerrufen.<\/p><p>Wenn wir personenbezogene Daten verarbeiten, ergreifen TEOXANE SA und ihre Tochtergesellschaften sowie Vertriebspartner entsprechende Ma\u00dfnahmen, um sicherzustellen, dass Ihre personenbezogenen Daten f\u00fcr die Zwecke, f\u00fcr die sie erfasst wurden, genau sind und aktualisiert werden.<\/p><p>TEOXANE SA kann Ihre personenbezogenen Daten an folgende Empf\u00e4ngerkategorien weiterleiten:<\/p><ul><li>Mitarbeiter und Mitglieder von TEOXANE SA, die diese zur Erf\u00fcllung ihrer Aufgaben ben\u00f6tigen.<\/li><li>Dritte Serviceanbieter, die Ihre personenbezogenen Daten im Namen von TEOXANE SA verarbeiten.<\/li><li>Tochtergesellschaften und Vertriebspartner von TEOXANE SA, die f\u00fcr die Verarbeitung Ihrer Daten verantwortlich sind.<\/li><\/ul><p>Gem\u00e4\u00df den allgemeinen Grunds\u00e4tzen des Datenschutzes k\u00f6nnen Sie auf Ihre Daten zugreifen, sie berichtigen, ihre L\u00f6schung beantragen oder Ihr Recht auf Einschr\u00e4nkung der Verarbeitung Ihrer Daten aus\u00fcben. Sie k\u00f6nnen Ihre Zustimmung zur Verarbeitung Ihrer Daten jederzeit widerrufen. Sie k\u00f6nnen der Verarbeitung Ihrer Daten auch widersprechen. Schlie\u00dflich haben Sie auch das Recht, \u00fcber den Verbleib Ihrer Daten nach Ihrem Tod zu bestimmen.<\/p><p>Um diese Rechte auszu\u00fcben oder wenn Sie Fragen zur Verarbeitung Ihrer personenbezogenen Daten haben, wenden Sie sich bitte an:<\/p><ul><li>Online an: <a href=\"mailto:dataprotection@teoxane.com\">dataprotection@teoxane.com<\/a><\/li><li>Per Post an: TEOXANE SA. Rue de Lyon, 105, 1203 Genf, Schweiz<\/li><\/ul><p>Bitte beachten Sie, dass TEOXANE SA Sie um einen Identit\u00e4tsnachweis bitten kann, um Ihre Identit\u00e4t zu best\u00e4tigen und Ihrem Antrag auf Aus\u00fcbung Ihrer Rechte nachzukommen.<\/p><p>Wenn Sie, nachdem Sie sich mit uns in Verbindung gesetzt haben, das Gef\u00fchl haben, dass Ihre Rechte nicht respektiert werden, k\u00f6nnen Sie eine Beschwerde bei Ihrer nationalen Aufsichtsbeh\u00f6rde f\u00fcr personenbezogene Daten einreichen.<\/p><h2>Kontakt<\/h2><p>Teoxane SA<br \/>Rue de Lyon, 105 \u2013 1203 Genf, Schweiz<br \/><a href=\"mailto:info@teoxane.academy\">info@teoxane.academy<\/a><br \/>+41 (0) 22 344 96 36<\/p><h2>Anwendbares Recht und Gerichtsstand<\/h2><p>Die Website und ihr Inhalt unterliegen dem Schweizer Recht. F\u00fcr Streitigkeiten, Anspr\u00fcche und Klagegr\u00fcnde, die sich aus der Nutzung der Website und ihrem Inhalt ergeben, sind die Schweizer Gerichte zust\u00e4ndig.<\/p>\t\t\t\t\t\t<\/div>\n\t\t\t\t<\/div>\n\t\t\t\t\t<\/div>\n\t\t<\/div>\n\t\t\t\t\t\t\t<\/div>\n\t\t<\/section>\n\t\t\t\t\t\t\t<\/div>\n\t\t","protected":false},"excerpt":{"rendered":"<p>DATENSCHUTZ TEOXANE achtet die Privatsph\u00e4re der Besucher seiner Website. Die meisten unserer Services erfordern keine Anmeldung, d.\u00a0h. Sie k\u00f6nnen die Website besuchen, ohne uns zu&hellip;<\/p>\n","protected":false},"author":1,"featured_media":0,"parent":0,"menu_order":0,"comment_status":"closed","ping_status":"closed","template":"page-fullwidth-content.php","meta":[],"acf":[],"_links":{"self":[{"href":"https:\/\/www.teoxane.academy\/de\/wp-json\/wp\/v2\/pages\/798"}],"collection":[{"href":"https:\/\/www.teoxane.academy\/de\/wp-json\/wp\/v2\/pages"}],"about":[{"href":"https:\/\/www.teoxane.academy\/de\/wp-json\/wp\/v2\/types\/page"}],"author":[{"embeddable":true,"href":"https:\/\/www.teoxane.academy\/de\/wp-json\/wp\/v2\/users\/1"}],"replies":[{"embeddable":true,"href":"https:\/\/www.teoxane.academy\/de\/wp-json\/wp\/v2\/comments?post=798"}],"version-history":[{"count":11,"href":"https:\/\/www.teoxane.academy\/de\/wp-json\/wp\/v2\/pages\/798\/revisions"}],"predecessor-version":[{"id":17054,"href":"https:\/\/www.teoxane.academy\/de\/wp-json\/wp\/v2\/pages\/798\/revisions\/17054"}],"wp:attachment":[{"href":"https:\/\/www.teoxane.academy\/de\/wp-json\/wp\/v2\/media?parent=798"}],"curies":[{"name":"wp","href":"https:\/\/api.w.org\/{rel}","templated":true}]}}