{"id":2460,"date":"2020-12-28T09:42:16","date_gmt":"2020-12-28T09:42:16","guid":{"rendered":"https:\/\/teoxane.academy\/de\/?page_id=2460"},"modified":"2024-06-14T14:06:22","modified_gmt":"2024-06-14T14:06:22","slug":"login","status":"publish","type":"page","link":"https:\/\/www.teoxane.academy\/de\/login\/","title":{"rendered":"login"},"content":{"rendered":"\t\t<div data-elementor-type=\"wp-page\" data-elementor-id=\"2460\" class=\"elementor elementor-2460\">\n\t\t\t\t\t\t\t\t\t<section class=\"elementor-section elementor-top-section elementor-element elementor-element-6660f0a ha-home-row elementor-section-boxed elementor-section-height-default elementor-section-height-default\" data-id=\"6660f0a\" data-element_type=\"section\">\n\t\t\t\t\t\t<div class=\"elementor-container elementor-column-gap-wider\">\n\t\t\t\t\t<div class=\"elementor-column elementor-col-50 elementor-top-column elementor-element elementor-element-7af7627\" data-id=\"7af7627\" data-element_type=\"column\">\n\t\t\t<div class=\"elementor-widget-wrap elementor-element-populated\">\n\t\t\t\t\t\t\t\t<div class=\"elementor-element elementor-element-08bd158 elementor-widget elementor-widget-heading\" data-id=\"08bd158\" data-element_type=\"widget\" data-widget_type=\"heading.default\">\n\t\t\t\t<div class=\"elementor-widget-container\">\n\t\t\t<h2 class=\"elementor-heading-title elementor-size-default\">Login<\/h2>\t\t<\/div>\n\t\t\t\t<\/div>\n\t\t\t\t<div class=\"elementor-element elementor-element-b28a3d2 elementor-widget elementor-widget-text-editor\" data-id=\"b28a3d2\" data-element_type=\"widget\" data-widget_type=\"text-editor.default\">\n\t\t\t\t<div class=\"elementor-widget-container\">\n\t\t\t\t\t\t\t<p>Wenn Sie bereits registriert sind, k\u00f6nnen Sie sich ganz einfach mit Ihrem Benutzernamen oder Ihrer E-Mail-Adresse anmelden.<\/p>\t\t\t\t\t\t<\/div>\n\t\t\t\t<\/div>\n\t\t\t\t<div class=\"elementor-element elementor-element-ace58c8 elementor-widget elementor-widget-shortcode\" data-id=\"ace58c8\" data-element_type=\"widget\" data-widget_type=\"shortcode.default\">\n\t\t\t\t<div class=\"elementor-widget-container\">\n\t\t\t\t\t<div class=\"elementor-shortcode\"> \n\t\t<form name=\"loginform\" id=\"loginform\" method=\"post\">\n\t\t\t<input id=\"learndash-login-form\" type=\"hidden\" name=\"learndash-login-form\" value=\"d08a277110\" \/>\n\t\t\t<p class=\"login-username\">\n\t\t\t\t<label for=\"user_login\">Benutzername oder E-mail Adresse<\/label>\n\t\t\t\t<input type=\"text\" name=\"log\" id=\"user_login\" class=\"input\" value=\"\" size=\"20\" \/>\n\t\t\t<\/p>\n\t\t\t<p class=\"login-password\">\n\t\t\t\t<label for=\"user_pass\">Passwort<\/label>\n\t\t\t\t<input type=\"password\" name=\"pwd\" id=\"user_pass\" class=\"input\" value=\"\" size=\"20\" \/>\n\t\t\t<\/p>\n\t\t\t\n\t\t\t<p class=\"login-remember\"><label><input name=\"rememberme\" type=\"checkbox\" id=\"rememberme\" value=\"forever\" \/> Daten speichern<\/label><\/p>\n\t\t\t<p class=\"login-submit\">\n\t\t\t\t<input type=\"submit\" name=\"wp-submit\" id=\"wp-submit\" class=\"button button-primary\" value=\"Anmelden\" \/>\n\t\t\t\t<input type=\"hidden\" name=\"redirect_to\" value=\"https:\/\/www.teoxane.academy\/de\/\" \/>\n\t\t\t<\/p>\n\t\t\t<a href=\"https:\/\/www.teoxane.academy\/de\/wp-login.php?action=lostpassword\">Sie haben Ihr Passwort vergessen?<\/a>\n\t\t\t<\/form><\/div>\n\t\t\t\t<\/div>\n\t\t\t\t<\/div>\n\t\t\t\t\t<\/div>\n\t\t<\/div>\n\t\t\t\t<div class=\"elementor-column elementor-col-50 elementor-top-column elementor-element elementor-element-f934efc\" data-id=\"f934efc\" data-element_type=\"column\">\n\t\t\t<div class=\"elementor-widget-wrap elementor-element-populated\">\n\t\t\t\t\t\t\t\t<section class=\"elementor-section elementor-inner-section elementor-element elementor-element-f171c72 elementor-section-full_width login-highlighting elementor-section-height-default elementor-section-height-default\" data-id=\"f171c72\" data-element_type=\"section\" data-settings=\"{&quot;background_background&quot;:&quot;classic&quot;}\">\n\t\t\t\t\t\t<div class=\"elementor-container elementor-column-gap-default\">\n\t\t\t\t\t<div class=\"elementor-column elementor-col-100 elementor-inner-column elementor-element elementor-element-b360c17\" data-id=\"b360c17\" data-element_type=\"column\">\n\t\t\t<div class=\"elementor-widget-wrap elementor-element-populated\">\n\t\t\t\t\t\t\t\t<div class=\"elementor-element elementor-element-ce29469 elementor-widget elementor-widget-heading\" data-id=\"ce29469\" data-element_type=\"widget\" data-widget_type=\"heading.default\">\n\t\t\t\t<div class=\"elementor-widget-container\">\n\t\t\t<h2 class=\"elementor-heading-title elementor-size-default\">Vollst\u00e4ndigen Zugang anfordern<\/h2>\t\t<\/div>\n\t\t\t\t<\/div>\n\t\t\t\t<div class=\"elementor-element elementor-element-583f083 elementor-widget elementor-widget-text-editor\" data-id=\"583f083\" data-element_type=\"widget\" data-widget_type=\"text-editor.default\">\n\t\t\t\t<div class=\"elementor-widget-container\">\n\t\t\t\t\t\t\t<p>Bitte f\u00fcllen Sie dieses Formular aus, um Zugang zu spezialisierten E-Learning-Modulen und fortgeschrittenen Webinaren zu erhalten.<\/p>\t\t\t\t\t\t<\/div>\n\t\t\t\t<\/div>\n\t\t\t\t<div class=\"elementor-element elementor-element-a2d14a9 as-access-link elementor-widget elementor-widget-shortcode\" data-id=\"a2d14a9\" data-element_type=\"widget\" data-widget_type=\"shortcode.default\">\n\t\t\t\t<div class=\"elementor-widget-container\">\n\t\t\t\t\t<div class=\"elementor-shortcode\"><a href=\"https:\/\/www.teoxane.academy\/de\/full-access\/\" class=\"button as-link-btn\">Zugriff anfordern<\/a><\/div>\n\t\t\t\t<\/div>\n\t\t\t\t<\/div>\n\t\t\t\t\t<\/div>\n\t\t<\/div>\n\t\t\t\t\t\t\t<\/div>\n\t\t<\/section>\n\t\t\t\t\t<\/div>\n\t\t<\/div>\n\t\t\t\t\t\t\t<\/div>\n\t\t<\/section>\n\t\t\t\t\t\t\t<\/div>\n\t\t","protected":false},"excerpt":{"rendered":"<p>Login Wenn Sie bereits registriert sind, k\u00f6nnen Sie sich ganz einfach mit Ihrem Benutzernamen oder Ihrer E-Mail-Adresse anmelden. Vollst\u00e4ndigen Zugang anfordern Bitte f\u00fcllen Sie dieses&hellip;<\/p>\n","protected":false},"author":1,"featured_media":0,"parent":0,"menu_order":0,"comment_status":"closed","ping_status":"closed","template":"","meta":[],"acf":[],"_links":{"self":[{"href":"https:\/\/www.teoxane.academy\/de\/wp-json\/wp\/v2\/pages\/2460"}],"collection":[{"href":"https:\/\/www.teoxane.academy\/de\/wp-json\/wp\/v2\/pages"}],"about":[{"href":"https:\/\/www.teoxane.academy\/de\/wp-json\/wp\/v2\/types\/page"}],"author":[{"embeddable":true,"href":"https:\/\/www.teoxane.academy\/de\/wp-json\/wp\/v2\/users\/1"}],"replies":[{"embeddable":true,"href":"https:\/\/www.teoxane.academy\/de\/wp-json\/wp\/v2\/comments?post=2460"}],"version-history":[{"count":64,"href":"https:\/\/www.teoxane.academy\/de\/wp-json\/wp\/v2\/pages\/2460\/revisions"}],"predecessor-version":[{"id":17495,"href":"https:\/\/www.teoxane.academy\/de\/wp-json\/wp\/v2\/pages\/2460\/revisions\/17495"}],"wp:attachment":[{"href":"https:\/\/www.teoxane.academy\/de\/wp-json\/wp\/v2\/media?parent=2460"}],"curies":[{"name":"wp","href":"https:\/\/api.w.org\/{rel}","templated":true}]}}